{"id":106,"date":"2013-04-17T23:23:11","date_gmt":"2013-04-17T23:23:11","guid":{"rendered":"http:\/\/www.vachito.com\/pumanque\/?page_id=106"},"modified":"2021-07-15T14:19:31","modified_gmt":"2021-07-15T18:19:31","slug":"departamento-de-obras","status":"publish","type":"page","link":"https:\/\/munipumanque.cl\/new\/oficinas\/departamento-de-obras\/","title":{"rendered":"Departamento de Obras"},"content":{"rendered":"<p style=\"text-align: justify;\">Este Departamento pertenece a la Direcci\u00f3n de Obras Municipales. Entre las principales funciones que realiza se encuentran las siguientes:<\/p>\n<p style=\"text-align: justify;\">\u2022 Velar por el cumplimiento de las disposiciones de la Ley General de Urbanismo y Construcciones, el plan regulador comunal y de las ordenanzas correspondientes.<\/p>\n<p style=\"text-align: justify;\">\u2022 Fiscalizar las obras en uso, a fin de verificar el cumplimiento de las disposiciones legales t\u00e9cnicas que rijan.<\/p>\n<p style=\"text-align: justify;\">\u2022 Aplicar normas ambientales relacionadas con obras de construcci\u00f3n y urbanizaci\u00f3n.<\/p>\n<p style=\"text-align: justify;\">\u2022 Confeccionar y mantener actualizado el catastro de las obras de urbanizaci\u00f3n y edificaci\u00f3n realizadas en la comuna.<\/p>\n<p style=\"text-align: justify;\">\u2022 Ejecutar medidas relacionadas con la vialidad urbana y rural.<\/p>\n<p style=\"text-align: justify;\">\u2022 Dirigir las construcciones que sean de responsabilidad municipal, sean ejecutadas directamente o a trav\u00e9s de terceros.<\/p>\n<p style=\"text-align: justify;\">\u2022 Participar en el proceso del llamado a propuestas p\u00fablicas o privadas para la ejecuci\u00f3n y\/o estudios de proyectos &nbsp;y\/u obras de responsabilidad municipal, supervisando los aspectos t\u00e9cnico-legales que imperan sobre la materia.<\/p>\n<p style=\"text-align: justify;\">\u2022 Fiscalizar las concesiones para la extracci\u00f3n de \u00e1ridos desde el r\u00edo Maipo otorgadas por el municipio, velar por el cumplimiento de las normas legales, reglamentarias y de ordenanzas municipales en su explotaci\u00f3n. Adem\u00e1s de calcular los derechos asociados y velar por el pago.<\/p>\n<p style=\"text-align: justify;\">\u2022 Dar cumplimiento a todas aquellas funciones no especificadas que el Alcalde o la ley determine.<\/p>\n<p style=\"text-align: justify;\">\u2022 En general, aplicar las normas legales sobre construcci\u00f3n y urbanizaci\u00f3n de la comuna.<\/p>\n<p style=\"text-align: justify;\">\u2022 Entre otras.<\/p>\n<p>&nbsp;<\/p>\n","protected":false},"excerpt":{"rendered":"Este Departamento pertenece a la Direcci\u00f3n de Obras Municipales. Entre las principales funciones que realiza se encuentran las siguientes: \u2022 Velar por el cumplimiento de las disposiciones de la Ley [&hellip;]","protected":false},"author":10,"featured_media":0,"parent":97,"menu_order":0,"comment_status":"closed","ping_status":"closed","template":"","meta":{"footnotes":""},"class_list":["post-106","page","type-page","status-publish","hentry"],"_links":{"self":[{"href":"https:\/\/munipumanque.cl\/new\/wp-json\/wp\/v2\/pages\/106","targetHints":{"allow":["GET"]}}],"collection":[{"href":"https:\/\/munipumanque.cl\/new\/wp-json\/wp\/v2\/pages"}],"about":[{"href":"https:\/\/munipumanque.cl\/new\/wp-json\/wp\/v2\/types\/page"}],"author":[{"embeddable":true,"href":"https:\/\/munipumanque.cl\/new\/wp-json\/wp\/v2\/users\/10"}],"replies":[{"embeddable":true,"href":"https:\/\/munipumanque.cl\/new\/wp-json\/wp\/v2\/comments?post=106"}],"version-history":[{"count":3,"href":"https:\/\/munipumanque.cl\/new\/wp-json\/wp\/v2\/pages\/106\/revisions"}],"predecessor-version":[{"id":9620,"href":"https:\/\/munipumanque.cl\/new\/wp-json\/wp\/v2\/pages\/106\/revisions\/9620"}],"up":[{"embeddable":true,"href":"https:\/\/munipumanque.cl\/new\/wp-json\/wp\/v2\/pages\/97"}],"wp:attachment":[{"href":"https:\/\/munipumanque.cl\/new\/wp-json\/wp\/v2\/media?parent=106"}],"curies":[{"name":"wp","href":"https:\/\/api.w.org\/{rel}","templated":true}]}}