{"id":108,"date":"2013-04-17T23:23:32","date_gmt":"2013-04-17T23:23:32","guid":{"rendered":"http:\/\/www.vachito.com\/pumanque\/?page_id=108"},"modified":"2018-11-19T08:58:34","modified_gmt":"2018-11-19T11:58:34","slug":"direccion-de-transito","status":"publish","type":"page","link":"https:\/\/munipumanque.cl\/new\/oficinas\/direccion-de-transito\/","title":{"rendered":"Direcci\u00f3n de Tr\u00e1nsito"},"content":{"rendered":"<p style=\"text-align: justify;\">Esta direcci\u00f3n, es la encargada de entregar y renovar los permisos de circulaci\u00f3n de veh\u00edculos.<\/p>\n<p style=\"text-align: justify;\">Otra tarea importante, es coordinarse con los organismos de la administraci\u00f3n del Estado competente, para determinar el sentido de circulaci\u00f3n de veh\u00edculos al interior de la comuna. Se\u00f1alizar adecuadamente las v\u00edas p\u00fablicas.<\/p>\n<p style=\"text-align: justify;\">Asimismo, debe velar por la correcta aplicaci\u00f3n de las normas de tr\u00e1nsito y transporte p\u00fablico en la comuna y dar cumplimientos a todas aquellas funciones espec\u00edficas que determine el alcalde.<\/p>\n<p style=\"text-align: justify;\">Actualmente, la Direcci\u00f3n de Tr\u00e1nsito est\u00e1 trabajando para mejorar la conectividad, por medio de la construcci\u00f3n y reparaci\u00f3n de la infraestructura vial y los espacios p\u00fablicos.<\/p>\n<p>&nbsp;<\/p>\n","protected":false},"excerpt":{"rendered":"Esta direcci\u00f3n, es la encargada de entregar y renovar los permisos de circulaci\u00f3n de veh\u00edculos. Otra tarea importante, es coordinarse con los organismos de la administraci\u00f3n del Estado competente, para [&hellip;]","protected":false},"author":10,"featured_media":0,"parent":97,"menu_order":0,"comment_status":"closed","ping_status":"closed","template":"","meta":{"footnotes":""},"class_list":["post-108","page","type-page","status-publish","hentry"],"_links":{"self":[{"href":"https:\/\/munipumanque.cl\/new\/wp-json\/wp\/v2\/pages\/108","targetHints":{"allow":["GET"]}}],"collection":[{"href":"https:\/\/munipumanque.cl\/new\/wp-json\/wp\/v2\/pages"}],"about":[{"href":"https:\/\/munipumanque.cl\/new\/wp-json\/wp\/v2\/types\/page"}],"author":[{"embeddable":true,"href":"https:\/\/munipumanque.cl\/new\/wp-json\/wp\/v2\/users\/10"}],"replies":[{"embeddable":true,"href":"https:\/\/munipumanque.cl\/new\/wp-json\/wp\/v2\/comments?post=108"}],"version-history":[{"count":2,"href":"https:\/\/munipumanque.cl\/new\/wp-json\/wp\/v2\/pages\/108\/revisions"}],"predecessor-version":[{"id":8853,"href":"https:\/\/munipumanque.cl\/new\/wp-json\/wp\/v2\/pages\/108\/revisions\/8853"}],"up":[{"embeddable":true,"href":"https:\/\/munipumanque.cl\/new\/wp-json\/wp\/v2\/pages\/97"}],"wp:attachment":[{"href":"https:\/\/munipumanque.cl\/new\/wp-json\/wp\/v2\/media?parent=108"}],"curies":[{"name":"wp","href":"https:\/\/api.w.org\/{rel}","templated":true}]}}