{"id":11269,"date":"2022-05-05T10:23:09","date_gmt":"2022-05-05T14:23:09","guid":{"rendered":"https:\/\/munipumanque.cl\/new\/?page_id=11269"},"modified":"2026-03-07T04:59:35","modified_gmt":"2026-03-07T07:59:35","slug":"himno-de-pumanque","status":"publish","type":"page","link":"https:\/\/munipumanque.cl\/new\/himno-de-pumanque\/","title":{"rendered":"Himno de Pumanque"},"content":{"rendered":"\n<figure class=\"wp-block-pullquote\"><blockquote><p>Autor y compositor:<br> Carlos Ricardo Weber Brown<\/p><\/blockquote><\/figure>\n\n\n\n<p style=\"text-align: center;\">Entre cerros, rincones y quebradas,<br>est\u00e1 Pumanque nuestro pueblo, nuestro amor,<br>en el secano costero colchag\u00fcino,<br>\u00e9l se alza con orgullo tricolor.<\/p>\n<p style=\"text-align: center;\">Los corredores invitan al encuentro,<br>las viejas tejas a\u00fan resisten bajo el sol,<br>en sus muros de adobes casi eternos,<br>guardan la historia que nunca se olvid\u00f3.<\/p>\n<p style=\"text-align: center;\"><strong>Coro<\/strong><br>Pumanque, Pumanque,<br>Todos juntos te cuidamos con amor,<br>Porque en cada pumanquino hay esperanzas,<br>Que nuestro pueblo cada d\u00eda ser\u00e1 mejor (bis).<\/p>\n<p style=\"text-align: center;\">En las calles se han grabado las historias,<br>de pumanquinos que trabajaron con tes\u00f3n,<br>y en una esquina se han unido para siempre,<br>Manuel y Francisca en un solo coraz\u00f3n.<\/p>\n<p style=\"text-align: center;\">Y si lejos nos vamos de esta tierra,<br>nuestros ojos se iluminan al volver,<br>porque en sus calles, sus casas y su campo,<br>mi coraz\u00f3n siempre vuelve a florecer.<\/p>\n<p style=\"text-align: center;\"><strong>Coro<\/strong><br>Pumanque, Pumanque,<br>Todos juntos te cuidamos con amor,<br>Porque en cada pumanquino hay esperanzas,<br>Que nuestro pueblo cada d\u00eda ser\u00e1 mejor (bis).<\/p>\n<p>&nbsp;<\/p>\n<p>&nbsp;<\/p>\n","protected":false},"excerpt":{"rendered":"Autor y compositor: Carlos Ricardo Weber Brown","protected":false},"author":10,"featured_media":0,"parent":0,"menu_order":0,"comment_status":"closed","ping_status":"closed","template":"","meta":{"footnotes":""},"class_list":["post-11269","page","type-page","status-publish","hentry"],"_links":{"self":[{"href":"https:\/\/munipumanque.cl\/new\/wp-json\/wp\/v2\/pages\/11269","targetHints":{"allow":["GET"]}}],"collection":[{"href":"https:\/\/munipumanque.cl\/new\/wp-json\/wp\/v2\/pages"}],"about":[{"href":"https:\/\/munipumanque.cl\/new\/wp-json\/wp\/v2\/types\/page"}],"author":[{"embeddable":true,"href":"https:\/\/munipumanque.cl\/new\/wp-json\/wp\/v2\/users\/10"}],"replies":[{"embeddable":true,"href":"https:\/\/munipumanque.cl\/new\/wp-json\/wp\/v2\/comments?post=11269"}],"version-history":[{"count":5,"href":"https:\/\/munipumanque.cl\/new\/wp-json\/wp\/v2\/pages\/11269\/revisions"}],"predecessor-version":[{"id":12924,"href":"https:\/\/munipumanque.cl\/new\/wp-json\/wp\/v2\/pages\/11269\/revisions\/12924"}],"wp:attachment":[{"href":"https:\/\/munipumanque.cl\/new\/wp-json\/wp\/v2\/media?parent=11269"}],"curies":[{"name":"wp","href":"https:\/\/api.w.org\/{rel}","templated":true}]}}