{"id":12902,"date":"2026-03-07T03:55:08","date_gmt":"2026-03-07T06:55:08","guid":{"rendered":"https:\/\/munipumanque.cl\/new\/?page_id=12902"},"modified":"2026-03-31T12:57:08","modified_gmt":"2026-03-31T15:57:08","slug":"permisos-de-circulacion-2026","status":"publish","type":"page","link":"https:\/\/munipumanque.cl\/new\/permisos-de-circulacion-2026\/","title":{"rendered":"PERMISOS DE CIRCULACI\u00d3N &#8211; 2026"},"content":{"rendered":"\n<p>Pumanque crece y avanza gracias al compromiso de todas y todos.<br>Sigamos construyendo juntos una mejor comuna para vivir.<\/p>\n\n\n\n<p>Obt\u00e9n tu <strong>Permiso de Circulaci\u00f3n 2026<\/strong> de forma <strong>r\u00e1pida y segura<\/strong>.<\/p>\n\n\n\n<p>Puedes realizar tu tr\u00e1mite:<\/p>\n\n\n\n<ul class=\"wp-block-list\">\n<li><strong>Presencialmente<\/strong> en el municipio<\/li>\n\n\n\n<li>De forma <strong>ONLINE<\/strong> pinchando el siguiente link: <a href=\"https:\/\/pumanque.vecinodigital.cl\/Vecino_Digital\/\" target=\"_blank\" rel=\"noopener\" title=\"\"><em><strong>Pago_Permiso_Online_2026<\/strong><\/em><\/a><\/li>\n\n\n\n<li>En los <strong>operativos municipales en terreno<\/strong><\/li>\n<\/ul>\n\n\n\n<p>\ud83d\udc99 <strong>Prefiere obtener tu permiso en Pumanque y contribuye al desarrollo de nuestra comuna.<\/strong><\/p>\n\n\n\n<p>\u00a1Te esperamos!<\/p>\n\n\n\n<figure class=\"wp-block-image size-full\"><img data-recalc-dims=\"1\" loading=\"lazy\" decoding=\"async\" width=\"1080\" height=\"1350\" src=\"https:\/\/i0.wp.com\/munipumanque.cl\/new\/wp-content\/uploads\/2026\/03\/permiso-2026-1.jpg?resize=1080%2C1350&#038;ssl=1\" alt=\"\" class=\"wp-image-12903\" srcset=\"https:\/\/i0.wp.com\/munipumanque.cl\/new\/wp-content\/uploads\/2026\/03\/permiso-2026-1.jpg?w=1080&amp;ssl=1 1080w, https:\/\/i0.wp.com\/munipumanque.cl\/new\/wp-content\/uploads\/2026\/03\/permiso-2026-1.jpg?resize=768%2C960&amp;ssl=1 768w\" sizes=\"auto, (max-width: 1000px) 100vw, 1000px\" \/><\/figure>\n","protected":false},"excerpt":{"rendered":"Pumanque crece y avanza gracias al compromiso de todas y todos.Sigamos construyendo juntos una mejor comuna para vivir. Obt\u00e9n tu Permiso de Circulaci\u00f3n 2026 de forma r\u00e1pida y segura. Puedes [&hellip;]","protected":false},"author":10,"featured_media":0,"parent":0,"menu_order":0,"comment_status":"closed","ping_status":"closed","template":"","meta":{"ngg_post_thumbnail":0,"footnotes":""},"class_list":["post-12902","page","type-page","status-publish","hentry"],"aioseo_notices":[],"_links":{"self":[{"href":"https:\/\/munipumanque.cl\/new\/wp-json\/wp\/v2\/pages\/12902","targetHints":{"allow":["GET"]}}],"collection":[{"href":"https:\/\/munipumanque.cl\/new\/wp-json\/wp\/v2\/pages"}],"about":[{"href":"https:\/\/munipumanque.cl\/new\/wp-json\/wp\/v2\/types\/page"}],"author":[{"embeddable":true,"href":"https:\/\/munipumanque.cl\/new\/wp-json\/wp\/v2\/users\/10"}],"replies":[{"embeddable":true,"href":"https:\/\/munipumanque.cl\/new\/wp-json\/wp\/v2\/comments?post=12902"}],"version-history":[{"count":7,"href":"https:\/\/munipumanque.cl\/new\/wp-json\/wp\/v2\/pages\/12902\/revisions"}],"predecessor-version":[{"id":12957,"href":"https:\/\/munipumanque.cl\/new\/wp-json\/wp\/v2\/pages\/12902\/revisions\/12957"}],"wp:attachment":[{"href":"https:\/\/munipumanque.cl\/new\/wp-json\/wp\/v2\/media?parent=12902"}],"curies":[{"name":"wp","href":"https:\/\/api.w.org\/{rel}","templated":true}]}}