{"id":212,"date":"2013-05-09T17:48:23","date_gmt":"2013-05-09T17:48:23","guid":{"rendered":"http:\/\/www.vachito.com\/pumanque\/?page_id=212"},"modified":"2018-11-19T08:58:16","modified_gmt":"2018-11-19T11:58:16","slug":"administracion-y-finanzas-2","status":"publish","type":"page","link":"https:\/\/munipumanque.cl\/new\/oficinas\/administracion-y-finanzas-2\/","title":{"rendered":"Administraci\u00f3n y Finanzas"},"content":{"rendered":"<p style=\"text-align: justify;\">Su Tarea es asesorar al Alcalde en la administraci\u00f3n del personal de la municipalidad y en la administraci\u00f3n financiera de los bienes municipales. Adem\u00e1s, debe colaborar con la Secretar\u00eda Comunal de Planificaci\u00f3n en la elaboraci\u00f3n del presupuesto municipal.<\/p>\n<p style=\"text-align: justify;\">Asimismo, es el responsable de visar los decretos de pago, controlar la gesti\u00f3n financiera de la municipalidad y dar cumplimiento, en general, a todas aquellas funciones no especificadas que le encomiende el alcalde o aquellas que determine la ley.<\/p>\n<p>&nbsp;<\/p>\n","protected":false},"excerpt":{"rendered":"Su Tarea es asesorar al Alcalde en la administraci\u00f3n del personal de la municipalidad y en la administraci\u00f3n financiera de los bienes municipales. Adem\u00e1s, debe colaborar con la Secretar\u00eda Comunal [&hellip;]","protected":false},"author":10,"featured_media":0,"parent":97,"menu_order":0,"comment_status":"closed","ping_status":"closed","template":"","meta":{"footnotes":""},"class_list":["post-212","page","type-page","status-publish","hentry"],"_links":{"self":[{"href":"https:\/\/munipumanque.cl\/new\/wp-json\/wp\/v2\/pages\/212","targetHints":{"allow":["GET"]}}],"collection":[{"href":"https:\/\/munipumanque.cl\/new\/wp-json\/wp\/v2\/pages"}],"about":[{"href":"https:\/\/munipumanque.cl\/new\/wp-json\/wp\/v2\/types\/page"}],"author":[{"embeddable":true,"href":"https:\/\/munipumanque.cl\/new\/wp-json\/wp\/v2\/users\/10"}],"replies":[{"embeddable":true,"href":"https:\/\/munipumanque.cl\/new\/wp-json\/wp\/v2\/comments?post=212"}],"version-history":[{"count":2,"href":"https:\/\/munipumanque.cl\/new\/wp-json\/wp\/v2\/pages\/212\/revisions"}],"predecessor-version":[{"id":8850,"href":"https:\/\/munipumanque.cl\/new\/wp-json\/wp\/v2\/pages\/212\/revisions\/8850"}],"up":[{"embeddable":true,"href":"https:\/\/munipumanque.cl\/new\/wp-json\/wp\/v2\/pages\/97"}],"wp:attachment":[{"href":"https:\/\/munipumanque.cl\/new\/wp-json\/wp\/v2\/media?parent=212"}],"curies":[{"name":"wp","href":"https:\/\/api.w.org\/{rel}","templated":true}]}}