{"id":221,"date":"2013-05-09T17:46:51","date_gmt":"2013-05-09T17:46:51","guid":{"rendered":"http:\/\/www.vachito.com\/pumanque\/?page_id=221"},"modified":"2021-07-08T10:32:32","modified_gmt":"2021-07-08T14:32:32","slug":"departamento-social","status":"publish","type":"page","link":"https:\/\/munipumanque.cl\/new\/oficinas\/departamento-social\/","title":{"rendered":"Departamento Social"},"content":{"rendered":"<p style=\"text-align: justify;\">La funci\u00f3n de este Departamento es atender las demandas generadas por personas y familias carentes de recursos o necesidades latentes en el \u00e1rea salud, educaci\u00f3n, vivienda, discapacidad o situaciones de emergencia como cat\u00e1strofes naturales u otras.<\/p>\n<p style=\"text-align: justify;\">Esta oficina atiende a la totalidad de la poblaci\u00f3n de la comuna de Pumanque, que se encuentre bajo la l\u00ednea de pobreza o transitoriamente en estado de necesidad manifiesta.<\/p>\n<p style=\"text-align: justify;\">La evaluaci\u00f3n de las condiciones actuales y la selecci\u00f3n de beneficios la efect\u00faa un equipo de Asistentes Sociales del \u00e1rea, mediante visitas domiciliarias, entrevistas y solicitud elevada al departamento social, a trav\u00e9s de INFORMES SOCIALES individuales o familiares.<\/p>\n<p>Los beneficios otorgados calificadamente son:<\/p>\n<ul>\n<li>Alimentos<\/li>\n<li>Medicamentos<\/li>\n<li>Ex\u00e1menes<\/li>\n<li>Colchonetas<\/li>\n<li>Frazadas<\/li>\n<li>Nylon<\/li>\n<li>Mediaguas<\/li>\n<li>Pa\u00f1ales<\/li>\n<li>Servicios funerarios<\/li>\n<li>Becas<\/li>\n<li>Ayudas t\u00e9cnicas como pr\u00f3tesis, sillas de ruedas, aud\u00edfonos, etc.<\/li>\n<\/ul>\n<p style=\"text-align: justify;\">Es necesario agregar que los recursos son limitados, por lo tanto, se da preferencia a las familias del Programa Chile Solidario Puente.<\/p>\n<p>&nbsp;<\/p>\n","protected":false},"excerpt":{"rendered":"La funci\u00f3n de este Departamento es atender las demandas generadas por personas y familias carentes de recursos o necesidades latentes en el \u00e1rea salud, educaci\u00f3n, vivienda, discapacidad o situaciones de [&hellip;]","protected":false},"author":10,"featured_media":0,"parent":97,"menu_order":0,"comment_status":"closed","ping_status":"closed","template":"","meta":{"footnotes":""},"class_list":["post-221","page","type-page","status-publish","hentry"],"_links":{"self":[{"href":"https:\/\/munipumanque.cl\/new\/wp-json\/wp\/v2\/pages\/221","targetHints":{"allow":["GET"]}}],"collection":[{"href":"https:\/\/munipumanque.cl\/new\/wp-json\/wp\/v2\/pages"}],"about":[{"href":"https:\/\/munipumanque.cl\/new\/wp-json\/wp\/v2\/types\/page"}],"author":[{"embeddable":true,"href":"https:\/\/munipumanque.cl\/new\/wp-json\/wp\/v2\/users\/10"}],"replies":[{"embeddable":true,"href":"https:\/\/munipumanque.cl\/new\/wp-json\/wp\/v2\/comments?post=221"}],"version-history":[{"count":4,"href":"https:\/\/munipumanque.cl\/new\/wp-json\/wp\/v2\/pages\/221\/revisions"}],"predecessor-version":[{"id":9588,"href":"https:\/\/munipumanque.cl\/new\/wp-json\/wp\/v2\/pages\/221\/revisions\/9588"}],"up":[{"embeddable":true,"href":"https:\/\/munipumanque.cl\/new\/wp-json\/wp\/v2\/pages\/97"}],"wp:attachment":[{"href":"https:\/\/munipumanque.cl\/new\/wp-json\/wp\/v2\/media?parent=221"}],"curies":[{"name":"wp","href":"https:\/\/api.w.org\/{rel}","templated":true}]}}