{"id":91,"date":"2013-04-17T23:14:45","date_gmt":"2013-04-17T23:14:45","guid":{"rendered":"http:\/\/www.vachito.com\/pumanque\/?page_id=91"},"modified":"2024-12-09T17:19:59","modified_gmt":"2024-12-09T20:19:59","slug":"alcalde","status":"publish","type":"page","link":"https:\/\/munipumanque.cl\/new\/municipalidad\/alcalde\/","title":{"rendered":"Alcalde"},"content":{"rendered":"<h2 style=\"padding-left: 180px; text-align: center;\"><img data-recalc-dims=\"1\" loading=\"lazy\" decoding=\"async\" class=\"wp-image-9426 aligncenter\" src=\"https:\/\/i0.wp.com\/munipumanque.cl\/new\/wp-content\/uploads\/2021\/06\/Gonzalo-Baraona-recorte.jpg?resize=441%2C375&#038;ssl=1\" alt=\"\" width=\"441\" height=\"375\"><\/h2>\n<h2 style=\"padding-left: 180px; text-align: center;\">Gonzalo Baraona Bezanilla<\/h2>\n<p style=\"text-align: justify;\">Ingeniero Civil de la U. de Chile, con Postgrado en Alta Direcci\u00f3n de Empresas de la Universidad de los Andes (PADE). Casado con Pilar Arteaga Hurtado y padre de siete hijos.<\/p>\n<p style=\"text-align: justify;\">Su experiencia laboral de m\u00e1s de 30 a\u00f1os comenz\u00f3 en el mundo p\u00fablico, siendo Secretario de Planificaci\u00f3n Comunal (Secplan) en las Municipalidades de Lo Prado y La Cisterna. Ah\u00ed desarroll\u00f3 su vocaci\u00f3n de servicio p\u00fablico y ejecut\u00f3 diversas acciones y proyectos para potenciar y dar impulso a dichas comunas.<\/p>\n<p style=\"text-align: justify;\">Tras su exitoso paso por estos municipios, se incorpor\u00f3 a una instituci\u00f3n financiera en Santiago, donde lider\u00f3 por 25 a\u00f1os la Gerencia de Personas, lo que le vali\u00f3 ser reconocido como \u201cel mejor gerente comercial de la banca a nivel nacional\u201d, dada la gesti\u00f3n y organizaci\u00f3n que desarroll\u00f3.<\/p>\n<p style=\"text-align: justify;\">Tras dejar el mundo privado, el edil emigr\u00f3 a la comuna de Pumanque y se instal\u00f3 a vivir en el sector&nbsp; Nilahue Baraona. En 2016 se present\u00f3 de candidato a concejal, obteniendo un amplio respaldo. Luego de cuatro a\u00f1os de activo trabajo social y a solicitud de los vecinos, se postul\u00f3 a alcalde como independiente, donde fue electo con el 57% de respaldo para el periodo 2021-2024.<\/p>\n<p>En las recientes pasadas elecciones Municipales, fu\u00e9 reelecto y mandatado por la ciudadan\u00eda para asumir nuevamente como alcalde de su comuna y as\u00ed poder dirigirla por los pr\u00f3ximos cuatro a\u00f1os en el per\u00edodo 2024-2028, proclamado por el Tribunal Electoral Regional el 26 de noviembre seg\u00fan rol N\u00b0 5300-2024.<\/p>\n<p style=\"text-align: justify;\">En palabras de Gonzalo Baraona, \u201cvolver a la tierra de mis padres, abuelos y bisabuelos ha sido una de las mejores decisiones que he tomado en mi vida. Y m\u00e1s gratificante ha sido poder llegar a servir como alcalde a mi gente pumanquina, con la que compartimos el amor por el campo, las tradiciones y la vida tranquila. Es un regalo de Dios que agradezco cada d\u00eda y que espero proyectarlo a cada uno de los vecinos\u201d.<\/p>\n<p>Agregando adem\u00e1s que su administraci\u00f3n&nbsp;seguir\u00e1 bas\u00e1ndose en la transparencia, en hacer un trabajo eficiente y eficaz en beneficio de todos los vecinos y en hacer conocida la comuna &#8211; cultural y tur\u00edsticamente &#8211; resaltando su idiosincrasia y la figura de Manuel Rodr\u00edguez junto a su amada Francisca de Paula Segura.&nbsp;<\/p>\n<p style=\"text-align: justify;\">&nbsp;<\/p>\n","protected":false},"excerpt":{"rendered":"Gonzalo Baraona Bezanilla Ingeniero Civil de la U. de Chile, con Postgrado en Alta Direcci\u00f3n de Empresas de la Universidad de los Andes (PADE). Casado con Pilar Arteaga Hurtado y [&hellip;]","protected":false},"author":10,"featured_media":0,"parent":81,"menu_order":0,"comment_status":"closed","ping_status":"closed","template":"","meta":{"ngg_post_thumbnail":0,"footnotes":""},"class_list":["post-91","page","type-page","status-publish","hentry"],"_links":{"self":[{"href":"https:\/\/munipumanque.cl\/new\/wp-json\/wp\/v2\/pages\/91","targetHints":{"allow":["GET"]}}],"collection":[{"href":"https:\/\/munipumanque.cl\/new\/wp-json\/wp\/v2\/pages"}],"about":[{"href":"https:\/\/munipumanque.cl\/new\/wp-json\/wp\/v2\/types\/page"}],"author":[{"embeddable":true,"href":"https:\/\/munipumanque.cl\/new\/wp-json\/wp\/v2\/users\/10"}],"replies":[{"embeddable":true,"href":"https:\/\/munipumanque.cl\/new\/wp-json\/wp\/v2\/comments?post=91"}],"version-history":[{"count":14,"href":"https:\/\/munipumanque.cl\/new\/wp-json\/wp\/v2\/pages\/91\/revisions"}],"predecessor-version":[{"id":12514,"href":"https:\/\/munipumanque.cl\/new\/wp-json\/wp\/v2\/pages\/91\/revisions\/12514"}],"up":[{"embeddable":true,"href":"https:\/\/munipumanque.cl\/new\/wp-json\/wp\/v2\/pages\/81"}],"wp:attachment":[{"href":"https:\/\/munipumanque.cl\/new\/wp-json\/wp\/v2\/media?parent=91"}],"curies":[{"name":"wp","href":"https:\/\/api.w.org\/{rel}","templated":true}]}}