{"id":9309,"date":"2020-09-03T09:32:20","date_gmt":"2020-09-03T12:32:20","guid":{"rendered":"https:\/\/munipumanque.cl\/new\/?page_id=9309"},"modified":"2026-03-07T04:43:41","modified_gmt":"2026-03-07T07:43:41","slug":"gastos-por-pandemia-covid-19","status":"publish","type":"page","link":"https:\/\/munipumanque.cl\/new\/gastos-por-pandemia-covid-19\/","title":{"rendered":"Gastos por Pandemia COVID-19"},"content":{"rendered":"\n<p class=\"has-text-align-center has-very-dark-gray-color has-light-green-cyan-background-color has-text-color has-background has-medium-font-size\">SEPTIEMBRE 2020<\/p>\n\n\n\n<p><a href=\"https:\/\/drive.google.com\/file\/d\/1CVKt7qHMO9pE-sQWmpGAcpGp4toDHgMc\/view?usp=sharing\">INFORME DE TRANSPARENCIA COVID 19 PER\u00cdODO SEPTIEMBRE <\/a><\/p>\n\n\n\n<ul class=\"wp-block-list\">\n<li><a href=\"https:\/\/drive.google.com\/file\/d\/1Cygp_s8RlbMJTDcKcAxFMTN6iuqSgYzU\/view?usp=sharing\">Medicamentos<\/a><\/li>\n\n\n\n<li><a href=\"https:\/\/drive.google.com\/file\/d\/1CuFT_7MIQqIzBd4gX8yMgFVXLTRuXykm\/view?usp=sharing\">Materiales de Construcci\u00f3n<\/a><\/li>\n\n\n\n<li><a href=\"https:\/\/drive.google.com\/file\/d\/1CgxBHH8onDssk-MvyX8YKMDpQXabsxYV\/view?usp=sharing\">Alimentos<\/a><\/li>\n\n\n\n<li><a href=\"https:\/\/drive.google.com\/file\/d\/1CmeW22-zgabWzwMtgybDB9HdGwiyEIN7\/view?usp=sharing\">Consumos B\u00e1sicos<\/a><\/li>\n\n\n\n<li><a href=\"https:\/\/drive.google.com\/file\/d\/1C_BfsjB9JUef_kfA2CjYtAe6kDTfr8BI\/view?usp=sharing\">Ex\u00e1menes M\u00e9dicos<\/a><\/li>\n\n\n\n<li><a href=\"https:\/\/drive.google.com\/file\/d\/1CZeGiU3S8Dq3yRi-fr36HXLDsB5lCu0O\/view?usp=sharing\">Gastos Varios<\/a><\/li>\n<\/ul>\n\n\n\n<p class=\"has-text-align-center has-very-dark-gray-color has-light-green-cyan-background-color has-text-color has-background has-medium-font-size\">AGOSTO 2020<\/p>\n\n\n\n<p><a href=\"https:\/\/drive.google.com\/file\/d\/1CVKt7qHMO9pE-sQWmpGAcpGp4toDHgMc\/view?usp=sharing\">INFORME DE TRANSPARENCIA COVID 19 PER\u00cdODO AOSTO<\/a><\/p>\n\n\n\n<ul class=\"wp-block-list\">\n<li><a href=\"https:\/\/drive.google.com\/file\/d\/1U24bAe-Ozpx3H5Kh89bwa2NupXO1x2zJ\/view?usp=sharing\">Consumos B\u00e1sicos<\/a><\/li>\n\n\n\n<li><a href=\"https:\/\/drive.google.com\/file\/d\/1U3Aov4FELlSJaK9xd-g0qqi5sHQzfJzY\/view?usp=sharing\">Gastos Varios<\/a><\/li>\n\n\n\n<li><a href=\"https:\/\/drive.google.com\/file\/d\/1Tuzt9T_KqYN4RzZ_3d62qNYT1dqko5Ur\/view?usp=sharing\">Medicamentos<\/a><\/li>\n<\/ul>\n\n\n\n<p class=\"has-text-align-center has-very-dark-gray-color has-light-green-cyan-background-color has-text-color has-background has-medium-font-size\">JULIO 2020<\/p>\n\n\n\n<p><\/p>\n\n\n\n<div class=\"wp-block-group\"><div class=\"wp-block-group__inner-container is-layout-flow wp-block-group-is-layout-flow\">\n<p class=\"has-text-align-left\"><a href=\"https:\/\/drive.google.com\/file\/d\/1Az_tT1tQXk3VAM0GveipqbvVL7GV4EMS\/view?usp=sharing\">INFORME DE TRANSPARENCIA COVID 19 PER\u00cdODO JULIO<\/a><\/p>\n\n\n\n<ul class=\"wp-block-list\">\n<li><a href=\"https:\/\/drive.google.com\/file\/d\/1JfIS2hAb9-I-KsDPw1dpKBOL6hbMfO4s\/view?usp=sharing\">Consumos B\u00e1sicos<\/a><\/li>\n\n\n\n<li><a href=\"https:\/\/drive.google.com\/file\/d\/1JY_XEq8DenvyGfRaNuV0yY6FkEHstKRm\/view?usp=sharing\">Gastos Varios<\/a><\/li>\n\n\n\n<li><a href=\"https:\/\/drive.google.com\/file\/d\/1JiSoFWm8kaeuN_72ppNlTHbUNZ7jyAj-\/view?usp=sharing\">Medicamentos<\/a><\/li>\n<\/ul>\n<\/div><\/div>\n\n\n\n<p class=\"has-text-align-center has-very-dark-gray-color has-light-green-cyan-background-color has-text-color has-background has-medium-font-size\">JUNIO 2020<\/p>\n\n\n\n<p> <a href=\"https:\/\/drive.google.com\/file\/d\/1Az_tT1tQXk3VAM0GveipqbvVL7GV4EMS\/view?usp=sharing\">INF<\/a><a href=\"https:\/\/drive.google.com\/file\/d\/1K0XBHxYm9u6CbnWlFuB5b6z7pGpyGOeL\/view?usp=sharing\">ORME DE TRANSPARENCIA COVID 19 PER\u00cdODO JUNIO<\/a><\/p>\n\n\n\n<ul class=\"wp-block-list\">\n<li><a href=\"https:\/\/drive.google.com\/file\/d\/1Joh__77_0FNF2sIUnbXY-ViQHV0XsYV1\/view?usp=sharing\">Gastos Varios<\/a><\/li>\n\n\n\n<li><a href=\"https:\/\/drive.google.com\/file\/d\/1JmYagA35RWsJKQUUdU4mbw12kj9XC1H-\/view?usp=sharing\">Medicamentos<\/a><\/li>\n<\/ul>\n","protected":false},"excerpt":{"rendered":"SEPTIEMBRE 2020 INFORME DE TRANSPARENCIA COVID 19 PER\u00cdODO SEPTIEMBRE AGOSTO 2020 INFORME DE TRANSPARENCIA COVID 19 PER\u00cdODO AOSTO JULIO 2020 INFORME DE TRANSPARENCIA COVID 19 PER\u00cdODO JULIO JUNIO 2020 INFORME [&hellip;]","protected":false},"author":10,"featured_media":0,"parent":0,"menu_order":0,"comment_status":"closed","ping_status":"closed","template":"","meta":{"footnotes":""},"class_list":["post-9309","page","type-page","status-publish","hentry"],"_links":{"self":[{"href":"https:\/\/munipumanque.cl\/new\/wp-json\/wp\/v2\/pages\/9309","targetHints":{"allow":["GET"]}}],"collection":[{"href":"https:\/\/munipumanque.cl\/new\/wp-json\/wp\/v2\/pages"}],"about":[{"href":"https:\/\/munipumanque.cl\/new\/wp-json\/wp\/v2\/types\/page"}],"author":[{"embeddable":true,"href":"https:\/\/munipumanque.cl\/new\/wp-json\/wp\/v2\/users\/10"}],"replies":[{"embeddable":true,"href":"https:\/\/munipumanque.cl\/new\/wp-json\/wp\/v2\/comments?post=9309"}],"version-history":[{"count":17,"href":"https:\/\/munipumanque.cl\/new\/wp-json\/wp\/v2\/pages\/9309\/revisions"}],"predecessor-version":[{"id":12919,"href":"https:\/\/munipumanque.cl\/new\/wp-json\/wp\/v2\/pages\/9309\/revisions\/12919"}],"wp:attachment":[{"href":"https:\/\/munipumanque.cl\/new\/wp-json\/wp\/v2\/media?parent=9309"}],"curies":[{"name":"wp","href":"https:\/\/api.w.org\/{rel}","templated":true}]}}